{"id":1012,"date":"2020-10-22T19:00:11","date_gmt":"2020-10-22T19:00:11","guid":{"rendered":"http:\/\/boneteriamayte.com.mx\/?post_type=product&#038;p=1012"},"modified":"2020-11-27T21:21:38","modified_gmt":"2020-11-27T21:21:38","slug":"playera-cuello-ruso-nino-varios-colores","status":"publish","type":"product","link":"http:\/\/boneteriamayte.com.mx\/?product=playera-cuello-ruso-nino-varios-colores","title":{"rendered":"PLAYERA CUELLO RUSO NI\u00d1O VARIOS COLORES"},"content":{"rendered":"<p>PLAYERA CUELLO RUSO NI\u00d1O 50% ALGOD\u00d3N, 50% POLIESTER PRECIO POR 1 PZA, VARIOS COLORES<\/p>\n","protected":false},"excerpt":{"rendered":"<p>PLAYERA CUELLO RUSO NI\u00d1O 50% ALGOD\u00d3N, 50% POLIESTER PRECIO POR 1 PZA, VARIOS COLORES<\/p>\n","protected":false},"featured_media":867,"comment_status":"open","ping_status":"closed","template":"","meta":[],"_links":{"self":[{"href":"http:\/\/boneteriamayte.com.mx\/index.php?rest_route=\/wp\/v2\/product\/1012"}],"collection":[{"href":"http:\/\/boneteriamayte.com.mx\/index.php?rest_route=\/wp\/v2\/product"}],"about":[{"href":"http:\/\/boneteriamayte.com.mx\/index.php?rest_route=\/wp\/v2\/types\/product"}],"replies":[{"embeddable":true,"href":"http:\/\/boneteriamayte.com.mx\/index.php?rest_route=%2Fwp%2Fv2%2Fcomments&post=1012"}],"wp:featuredmedia":[{"embeddable":true,"href":"http:\/\/boneteriamayte.com.mx\/index.php?rest_route=\/wp\/v2\/media\/867"}],"wp:attachment":[{"href":"http:\/\/boneteriamayte.com.mx\/index.php?rest_route=%2Fwp%2Fv2%2Fmedia&parent=1012"}],"curies":[{"name":"wp","href":"https:\/\/api.w.org\/{rel}","templated":true}]}}