{"id":502,"date":"2020-10-08T22:53:40","date_gmt":"2020-10-08T22:53:40","guid":{"rendered":"http:\/\/boneteriamayte.com.mx\/?post_type=product&#038;p=502"},"modified":"2020-10-20T18:21:53","modified_gmt":"2020-10-20T18:21:53","slug":"camiseta-inter-nino-talla-14-16-2","status":"publish","type":"product","link":"http:\/\/boneteriamayte.com.mx\/?product=camiseta-inter-nino-talla-14-16-2","title":{"rendered":"CAMISETA INTER NI\u00d1O"},"content":{"rendered":"<p>CAMISETA INTER NI\u00d1O 50% ALGOD\u00d3N 50% POLIESTER COLOR: BLANCO<\/p>\n<div id=\"gtx-trans\" style=\"position: absolute; left: 563px; top: 0px;\">\n<div class=\"gtx-trans-icon\"><\/div>\n<\/div>\n","protected":false},"excerpt":{"rendered":"<p>CAMISETA INTER NI\u00d1O 50% ALGOD\u00d3N 50% POLIESTER COLOR: BLANCO<\/p>\n<div id=\"gtx-trans\" style=\"position: absolute; left: 560px; top: -10px;\">\n<div class=\"gtx-trans-icon\"><\/div>\n<\/div>\n","protected":false},"featured_media":497,"comment_status":"open","ping_status":"closed","template":"","meta":[],"_links":{"self":[{"href":"http:\/\/boneteriamayte.com.mx\/index.php?rest_route=\/wp\/v2\/product\/502"}],"collection":[{"href":"http:\/\/boneteriamayte.com.mx\/index.php?rest_route=\/wp\/v2\/product"}],"about":[{"href":"http:\/\/boneteriamayte.com.mx\/index.php?rest_route=\/wp\/v2\/types\/product"}],"replies":[{"embeddable":true,"href":"http:\/\/boneteriamayte.com.mx\/index.php?rest_route=%2Fwp%2Fv2%2Fcomments&post=502"}],"wp:featuredmedia":[{"embeddable":true,"href":"http:\/\/boneteriamayte.com.mx\/index.php?rest_route=\/wp\/v2\/media\/497"}],"wp:attachment":[{"href":"http:\/\/boneteriamayte.com.mx\/index.php?rest_route=%2Fwp%2Fv2%2Fmedia&parent=502"}],"curies":[{"name":"wp","href":"https:\/\/api.w.org\/{rel}","templated":true}]}}