{"id":859,"date":"2020-10-22T02:14:12","date_gmt":"2020-10-22T02:14:12","guid":{"rendered":"http:\/\/boneteriamayte.com.mx\/?post_type=product&#038;p=859"},"modified":"2020-10-31T01:19:41","modified_gmt":"2020-10-31T01:19:41","slug":"panalero-rombos-manga-larga","status":"publish","type":"product","link":"http:\/\/boneteriamayte.com.mx\/?product=panalero-rombos-manga-larga","title":{"rendered":"PA\u00d1ALERO ROMBOS MANGA LARGA"},"content":{"rendered":"<p>PA\u00d1ALERO ROMBOS MANGA LARGA 50% ALGOD\u00d3N, 50% POLIESTER PAQ 6 PZS 1 SOLA TALLA<\/p>\n<div id=\"gtx-trans\" style=\"position: absolute; left: -8px; top: 0px;\">\n<div class=\"gtx-trans-icon\"><\/div>\n<\/div>\n","protected":false},"excerpt":{"rendered":"<p>PA\u00d1ALERO ROMBOS MANGA LARGA 50% ALGOD\u00d3N, 50% POLIESTER PAQ 6 PZS 1 SOLA TALLA<\/p>\n","protected":false},"featured_media":865,"comment_status":"open","ping_status":"closed","template":"","meta":[],"_links":{"self":[{"href":"http:\/\/boneteriamayte.com.mx\/index.php?rest_route=\/wp\/v2\/product\/859"}],"collection":[{"href":"http:\/\/boneteriamayte.com.mx\/index.php?rest_route=\/wp\/v2\/product"}],"about":[{"href":"http:\/\/boneteriamayte.com.mx\/index.php?rest_route=\/wp\/v2\/types\/product"}],"replies":[{"embeddable":true,"href":"http:\/\/boneteriamayte.com.mx\/index.php?rest_route=%2Fwp%2Fv2%2Fcomments&post=859"}],"wp:featuredmedia":[{"embeddable":true,"href":"http:\/\/boneteriamayte.com.mx\/index.php?rest_route=\/wp\/v2\/media\/865"}],"wp:attachment":[{"href":"http:\/\/boneteriamayte.com.mx\/index.php?rest_route=%2Fwp%2Fv2%2Fmedia&parent=859"}],"curies":[{"name":"wp","href":"https:\/\/api.w.org\/{rel}","templated":true}]}}