{"id":967,"date":"2020-10-22T18:01:17","date_gmt":"2020-10-22T18:01:17","guid":{"rendered":"http:\/\/boneteriamayte.com.mx\/?post_type=product&#038;p=967"},"modified":"2020-10-22T18:01:17","modified_gmt":"2020-10-22T18:01:17","slug":"tin-algodon-nino","status":"publish","type":"product","link":"http:\/\/boneteriamayte.com.mx\/?product=tin-algodon-nino","title":{"rendered":"TIN ALGOD\u00d3N NI\u00d1O"},"content":{"rendered":"<p>TIN ALGOD\u00d3N NI\u00d1O 85% ALGOD\u00d3N, 10% NYLON, 5% ELASTICO COLOR BLANCO T\/ GRIS<\/p>\n<div id=\"gtx-trans\" style=\"position: absolute; left: 0px; top: 48px;\">\n<div class=\"gtx-trans-icon\"><\/div>\n<\/div>\n","protected":false},"excerpt":{"rendered":"<p>TIN ALGOD\u00d3N NI\u00d1O 85% ALGOD\u00d3N, 10% NYLON, 5% ELASTICO COLOR BLANCO T\/ GRIS<\/p>\n","protected":false},"featured_media":968,"comment_status":"open","ping_status":"closed","template":"","meta":[],"_links":{"self":[{"href":"http:\/\/boneteriamayte.com.mx\/index.php?rest_route=\/wp\/v2\/product\/967"}],"collection":[{"href":"http:\/\/boneteriamayte.com.mx\/index.php?rest_route=\/wp\/v2\/product"}],"about":[{"href":"http:\/\/boneteriamayte.com.mx\/index.php?rest_route=\/wp\/v2\/types\/product"}],"replies":[{"embeddable":true,"href":"http:\/\/boneteriamayte.com.mx\/index.php?rest_route=%2Fwp%2Fv2%2Fcomments&post=967"}],"wp:featuredmedia":[{"embeddable":true,"href":"http:\/\/boneteriamayte.com.mx\/index.php?rest_route=\/wp\/v2\/media\/968"}],"wp:attachment":[{"href":"http:\/\/boneteriamayte.com.mx\/index.php?rest_route=%2Fwp%2Fv2%2Fmedia&parent=967"}],"curies":[{"name":"wp","href":"https:\/\/api.w.org\/{rel}","templated":true}]}}