{"id":973,"date":"2020-10-22T18:20:15","date_gmt":"2020-10-22T18:20:15","guid":{"rendered":"http:\/\/boneteriamayte.com.mx\/?post_type=product&#038;p=973"},"modified":"2020-10-22T18:20:16","modified_gmt":"2020-10-22T18:20:16","slug":"tin-algodon-caballero","status":"publish","type":"product","link":"http:\/\/boneteriamayte.com.mx\/?product=tin-algodon-caballero","title":{"rendered":"TIN ALGOD\u00d3N CABALLERO"},"content":{"rendered":"<p>TIN ALGOD\u00d3N NI\u00d1O Y CABALLERO 85% ALGOD\u00d3N, 10% NYLON, 5% ELASTICO CABALLERO TALLA UNICA PAQ 6 PZS 1 SOLO COLOR<\/p>\n<div id=\"gtx-trans\" style=\"position: absolute; left: -43px; top: 0px;\">\n<div class=\"gtx-trans-icon\"><\/div>\n<\/div>\n","protected":false},"excerpt":{"rendered":"<p>TIN ALGOD\u00d3N NI\u00d1O Y CABALLERO 85% ALGOD\u00d3N, 10% NYLON, 5% ELASTICO CABALLERO TALLA UNICA PAQ 6 PZS 1 SOLO COLOR<\/p>\n","protected":false},"featured_media":968,"comment_status":"open","ping_status":"closed","template":"","meta":[],"_links":{"self":[{"href":"http:\/\/boneteriamayte.com.mx\/index.php?rest_route=\/wp\/v2\/product\/973"}],"collection":[{"href":"http:\/\/boneteriamayte.com.mx\/index.php?rest_route=\/wp\/v2\/product"}],"about":[{"href":"http:\/\/boneteriamayte.com.mx\/index.php?rest_route=\/wp\/v2\/types\/product"}],"replies":[{"embeddable":true,"href":"http:\/\/boneteriamayte.com.mx\/index.php?rest_route=%2Fwp%2Fv2%2Fcomments&post=973"}],"wp:featuredmedia":[{"embeddable":true,"href":"http:\/\/boneteriamayte.com.mx\/index.php?rest_route=\/wp\/v2\/media\/968"}],"wp:attachment":[{"href":"http:\/\/boneteriamayte.com.mx\/index.php?rest_route=%2Fwp%2Fv2%2Fmedia&parent=973"}],"curies":[{"name":"wp","href":"https:\/\/api.w.org\/{rel}","templated":true}]}}