{"id":978,"date":"2020-10-22T18:39:36","date_gmt":"2020-10-22T18:39:36","guid":{"rendered":"http:\/\/boneteriamayte.com.mx\/?post_type=product&#038;p=978"},"modified":"2020-10-22T18:39:36","modified_gmt":"2020-10-22T18:39:36","slug":"tin-lycra-algodon-nino-y-caballero","status":"publish","type":"product","link":"http:\/\/boneteriamayte.com.mx\/?product=tin-lycra-algodon-nino-y-caballero","title":{"rendered":"TIN LYCRA ALGOD\u00d3N NI\u00d1O Y CABALLERO"},"content":{"rendered":"<p>TIN LYCRA ALGOD\u00d3N NI\u00d1O Y CABALLERO 80% ALGOD\u00d3N, 12% POLIAMIDA, 8% ELASTANO, PAQ 6 PZ 1 SOLA TALLA COLORES SURTIDOS<\/p>\n","protected":false},"excerpt":{"rendered":"<p>TIN LYCRA ALGOD\u00d3N NI\u00d1O Y CABALLERO 80% ALGOD\u00d3N, 12% POLIAMIDA, 8% ELASTANO, PAQ 6 PZ 1 SOLA TALLA COLORES SURTIDOS<\/p>\n","protected":false},"featured_media":979,"comment_status":"open","ping_status":"closed","template":"","meta":[],"_links":{"self":[{"href":"http:\/\/boneteriamayte.com.mx\/index.php?rest_route=\/wp\/v2\/product\/978"}],"collection":[{"href":"http:\/\/boneteriamayte.com.mx\/index.php?rest_route=\/wp\/v2\/product"}],"about":[{"href":"http:\/\/boneteriamayte.com.mx\/index.php?rest_route=\/wp\/v2\/types\/product"}],"replies":[{"embeddable":true,"href":"http:\/\/boneteriamayte.com.mx\/index.php?rest_route=%2Fwp%2Fv2%2Fcomments&post=978"}],"wp:featuredmedia":[{"embeddable":true,"href":"http:\/\/boneteriamayte.com.mx\/index.php?rest_route=\/wp\/v2\/media\/979"}],"wp:attachment":[{"href":"http:\/\/boneteriamayte.com.mx\/index.php?rest_route=%2Fwp%2Fv2%2Fmedia&parent=978"}],"curies":[{"name":"wp","href":"https:\/\/api.w.org\/{rel}","templated":true}]}}