{"id":984,"date":"2020-10-22T18:49:17","date_gmt":"2020-10-22T18:49:17","guid":{"rendered":"http:\/\/boneteriamayte.com.mx\/?post_type=product&#038;p=984"},"modified":"2020-10-22T18:49:18","modified_gmt":"2020-10-22T18:49:18","slug":"trusa-inter-nino-y-caballero","status":"publish","type":"product","link":"http:\/\/boneteriamayte.com.mx\/?product=trusa-inter-nino-y-caballero","title":{"rendered":"TRUSA INTER NI\u00d1O Y CABALLERO"},"content":{"rendered":"<p>TRUSA INTER NI\u00d1O Y CABALLERO 50% ALGOD\u00d3N, 50% POLIESTER PAQ 6 PZS 1 SOLA TALLA, COLOR: BLANCO<\/p>\n","protected":false},"excerpt":{"rendered":"<p>TRUSA INTER NI\u00d1O Y CABALLERO 50% ALGOD\u00d3N, 50% POLIESTER PAQ 6 PZS 1 SOLA TALLA, COLOR: BLANCO<\/p>\n","protected":false},"featured_media":985,"comment_status":"open","ping_status":"closed","template":"","meta":[],"_links":{"self":[{"href":"http:\/\/boneteriamayte.com.mx\/index.php?rest_route=\/wp\/v2\/product\/984"}],"collection":[{"href":"http:\/\/boneteriamayte.com.mx\/index.php?rest_route=\/wp\/v2\/product"}],"about":[{"href":"http:\/\/boneteriamayte.com.mx\/index.php?rest_route=\/wp\/v2\/types\/product"}],"replies":[{"embeddable":true,"href":"http:\/\/boneteriamayte.com.mx\/index.php?rest_route=%2Fwp%2Fv2%2Fcomments&post=984"}],"wp:featuredmedia":[{"embeddable":true,"href":"http:\/\/boneteriamayte.com.mx\/index.php?rest_route=\/wp\/v2\/media\/985"}],"wp:attachment":[{"href":"http:\/\/boneteriamayte.com.mx\/index.php?rest_route=%2Fwp%2Fv2%2Fmedia&parent=984"}],"curies":[{"name":"wp","href":"https:\/\/api.w.org\/{rel}","templated":true}]}}